{"id":147515,"date":"2021-09-27T20:19:53","date_gmt":"2021-09-27T23:19:53","guid":{"rendered":"https:\/\/www.colegioinmobiliario.cl\/clases\/?post_type=product&#038;p=147515"},"modified":"2022-11-22T16:52:21","modified_gmt":"2022-11-22T19:52:21","slug":"curso-agente-de-ventas","status":"publish","type":"product","link":"https:\/\/www.colegioinmobiliario.cl\/clases\/producto\/curso-agente-de-ventas\/","title":{"rendered":"Curso Agente de Ventas"},"content":{"rendered":"<p>Conocer el perfil b\u00e1sico o conjunto de rasgos y cualidades que debe tener un vendedor para lograr los mejores resultados es fundamental.<\/p>\n<p>Este debe ser enfocado al sector al que se espera llegar y es por ello que cada empresa o vendedor debe crear un perfil de acuerdo a lo que espera sea lo mejor de acuerdo a sus prop\u00f3sitos. Este perfil generalmente est\u00e1 confeccionado por los directivos de las compa\u00f1\u00edas o qui\u00e9n m\u00e1s experiencia en ventas tiene.<\/p>\n<p>Detalle del Curso:<\/p>\n<ul>\n<li>Curso Online de Ventas y Cierre de Ventas.<\/li>\n<li>Horario: lunes a domingo, las 24 horas.<\/li>\n<li>Duraci\u00f3n del curso: cuentas con 3 meses para completar tu curso.<\/li>\n<\/ul>\n<p><a href=\"https:\/\/www.corredordepropiedades.cl\/cursos\/apuntes\/pdf\/curso-agentedeventas_2020.pdf\"><img decoding=\"async\" loading=\"lazy\" class=\"alignnone wp-image-3967 size-full\" src=\"https:\/\/www.colegioinmobiliario.cl\/wp-content\/uploads\/2019\/12\/home_app_download_appstore_CONTENIDOS2-1.png\" alt=\"\" width=\"198\" height=\"66\" \/><\/a><\/p>\n","protected":false},"excerpt":{"rendered":"<ul>\n<li>Curso Online de Ventas y Cierre de Ventas.<\/li>\n<li>Horario: lunes a domingo, las 24 horas.<\/li>\n<li>Duraci\u00f3n del curso: cuentas con 3 meses para completar tu curso.<\/li>\n<li>Compra, usa y regalar todos los cursos que quieras.<\/li>\n<li>Cupos limitados<\/li>\n<\/ul>\n<h4><img decoding=\"async\" loading=\"lazy\" class=\"alignnone size-medium wp-image-3969\" src=\"https:\/\/www.colegioinmobiliario.cl\/wp-content\/uploads\/2019\/12\/webpay-footer-300x109-300x109-300x109.jpg\" alt=\"\" width=\"300\" height=\"109\" \/><\/h4>\n","protected":false},"featured_media":147516,"template":"","meta":{"_bbp_topic_count":0,"_bbp_reply_count":0,"_bbp_total_topic_count":0,"_bbp_total_reply_count":0,"_bbp_voice_count":0,"_bbp_anonymous_reply_count":0,"_bbp_topic_count_hidden":0,"_bbp_reply_count_hidden":0,"_bbp_forum_subforum_count":0},"product_cat":[529],"product_tag":[],"_links":{"self":[{"href":"https:\/\/www.colegioinmobiliario.cl\/clases\/wp-json\/wp\/v2\/product\/147515"}],"collection":[{"href":"https:\/\/www.colegioinmobiliario.cl\/clases\/wp-json\/wp\/v2\/product"}],"about":[{"href":"https:\/\/www.colegioinmobiliario.cl\/clases\/wp-json\/wp\/v2\/types\/product"}],"wp:featuredmedia":[{"embeddable":true,"href":"https:\/\/www.colegioinmobiliario.cl\/clases\/wp-json\/wp\/v2\/media\/147516"}],"wp:attachment":[{"href":"https:\/\/www.colegioinmobiliario.cl\/clases\/wp-json\/wp\/v2\/media?parent=147515"}],"wp:term":[{"taxonomy":"product_cat","embeddable":true,"href":"https:\/\/www.colegioinmobiliario.cl\/clases\/wp-json\/wp\/v2\/product_cat?post=147515"},{"taxonomy":"product_tag","embeddable":true,"href":"https:\/\/www.colegioinmobiliario.cl\/clases\/wp-json\/wp\/v2\/product_tag?post=147515"}],"curies":[{"name":"wp","href":"https:\/\/api.w.org\/{rel}","templated":true}]}}